{"id":98,"date":"2025-05-26T09:47:43","date_gmt":"2025-05-26T09:47:43","guid":{"rendered":"https:\/\/azure-toad-797365.hostingersite.com\/?page_id=98"},"modified":"2025-06-02T19:32:19","modified_gmt":"2025-06-02T19:32:19","slug":"mentions-legales","status":"publish","type":"page","link":"https:\/\/franceoccitaniemeats.com\/en\/mentions-legales\/","title":{"rendered":"Legal Notice"},"content":{"rendered":"<div data-elementor-type=\"wp-page\" data-elementor-id=\"98\" class=\"elementor elementor-98\">\n\t\t\t\t\t\t<section class=\"elementor-section elementor-top-section elementor-element elementor-element-68c35ac8 elementor-section-boxed elementor-section-height-default elementor-section-height-default\" data-id=\"68c35ac8\" data-element_type=\"section\" data-settings=\"{&quot;background_background&quot;:&quot;classic&quot;}\">\n\t\t\t\t\t\t<div class=\"elementor-container elementor-column-gap-default\">\n\t\t\t\t\t<div class=\"elementor-column elementor-col-100 elementor-top-column elementor-element elementor-element-24af286c\" data-id=\"24af286c\" data-element_type=\"column\">\n\t\t\t<div class=\"elementor-widget-wrap elementor-element-populated\">\n\t\t\t\t\t\t<div class=\"elementor-element elementor-element-1cebb539 elementor-widget elementor-widget-image\" data-id=\"1cebb539\" data-element_type=\"widget\" data-widget_type=\"image.default\">\n\t\t\t\t<div class=\"elementor-widget-container\">\n\t\t\t\t\t\t\t\t\t\t\t\t\t\t\t\t<a href=\"https:\/\/franceoccitaniemeats.com\/en\/\">\n\t\t\t\t\t\t\t<img decoding=\"async\" width=\"150\" height=\"150\" src=\"https:\/\/franceoccitaniemeats.com\/wp-content\/uploads\/2025\/05\/image-2-150x150.jpeg\" class=\"attachment-thumbnail size-thumbnail wp-image-75\" alt=\"\" srcset=\"https:\/\/franceoccitaniemeats.com\/wp-content\/uploads\/2025\/05\/image-2-150x150.jpeg 150w, https:\/\/franceoccitaniemeats.com\/wp-content\/uploads\/2025\/05\/image-2-300x300.jpeg 300w, https:\/\/franceoccitaniemeats.com\/wp-content\/uploads\/2025\/05\/image-2-768x768.jpeg 768w, https:\/\/franceoccitaniemeats.com\/wp-content\/uploads\/2025\/05\/elementor\/thumbs\/image-2.jpeg 80w, https:\/\/franceoccitaniemeats.com\/wp-content\/uploads\/2025\/05\/image-2.jpeg 1024w\" sizes=\"(max-width: 150px) 100vw, 150px\" \/>\t\t\t\t\t\t\t\t<\/a>\n\t\t\t\t\t\t\t\t\t\t\t\t\t\t\t<\/div>\n\t\t\t\t<\/div>\n\t\t\t\t\t<\/div>\n\t\t<\/div>\n\t\t\t\t<div class=\"elementor-column elementor-col-100 elementor-top-column elementor-element elementor-element-3823f937\" data-id=\"3823f937\" data-element_type=\"column\">\n\t\t\t<div class=\"elementor-widget-wrap elementor-element-populated\">\n\t\t\t\t\t\t<div class=\"elementor-element elementor-element-47daf934 elementor-widget elementor-widget-text-editor\" data-id=\"47daf934\" data-element_type=\"widget\" data-widget_type=\"text-editor.default\">\n\t\t\t\t<div class=\"elementor-widget-container\">\n\t\t\t\t\t\t\t\t\t<div style=\"text-align: right; font-family: Montserrat, sans-serif; font-size: 16px;\">\n  <a href=\"\/en\/a-propos\/\" style=\"margin-right: 15px; text-decoration: none; color: #3E3E3E;\">About Us<\/a>\n  <a href=\"\/en\/nos-produits\/\" style=\"margin-right: 15px; text-decoration: none; color: #3E3E3E;\">Our Products<\/a>\n  <a href=\"\/en\/contact\/\" style=\"margin-right: 15px; text-decoration: none; color: #3E3E3E;\">Contact Us<\/a>\n  <a href=\"\/en\/mentions-legales\/\" style=\"text-decoration: none; color: #3E3E3E;\">Legal Notice<\/a>\n<\/div>\n\t\t\t\t\t\t\t\t<\/div>\n\t\t\t\t<\/div>\n\t\t\t\t\t<\/div>\n\t\t<\/div>\n\t\t\t\t\t<\/div>\n\t\t<\/section>\n\t\t\t\t<section class=\"elementor-section elementor-top-section elementor-element elementor-element-674d8426 elementor-section-boxed elementor-section-height-default elementor-section-height-default\" data-id=\"674d8426\" data-element_type=\"section\" data-settings=\"{&quot;background_background&quot;:&quot;classic&quot;}\">\n\t\t\t\t\t\t<div class=\"elementor-container elementor-column-gap-default\">\n\t\t\t\t\t<div class=\"elementor-column elementor-col-100 elementor-top-column elementor-element elementor-element-7006f7c8\" data-id=\"7006f7c8\" data-element_type=\"column\">\n\t\t\t<div class=\"elementor-widget-wrap elementor-element-populated\">\n\t\t\t\t\t\t<div class=\"elementor-element elementor-element-58313f8e elementor-widget elementor-widget-text-editor\" data-id=\"58313f8e\" data-element_type=\"widget\" data-widget_type=\"text-editor.default\">\n\t\t\t\t<div class=\"elementor-widget-container\">\n\t\t\t\t\t\t\t\t\t<h2><strong>Legal Notice<\/strong><\/h2><p><strong>Company Name:<\/strong> FRANCE OCCITANIE MEATS<\/p><p><strong>Legal Status:<\/strong> SARL<\/p><p><strong>Head Office Address:<\/strong> Canet d\u2019Aude, France<\/p><p><strong>SIRET :<\/strong> 921 264 545 00028<\/p><p><strong>Email :<\/strong> contact@azure-toad-797365.hostingersite.com<\/p><h3><strong>Publisher<\/strong><\/h3><p>M. Benyahia GACEM \u2013 G\u00e9rant<\/p><h3>Hosting Provider<\/h3><p><strong>Name<\/strong> Hostinger International Ltd<\/p><p><strong>Adress :<\/strong> 61 Lordou Vironos Street, 6023 Larnaca, Chypre<\/p><p><strong>Website:<\/strong> <a href=\"https:\/\/www.hostinger.fr\">www.hostinger.fr<\/a><\/p><h3>Intellectual Property<\/h3><p>Le contenu du site www.franceoccitanie.com est prot\u00e9g\u00e9 par les droits de propri\u00e9t\u00e9 intellectuelle.<br \/>Any reproduction, representation, modification, or adaptation, in whole or in part, of any of the elements of the site is prohibited without the prior written authorization of FRANCE OCCITANIE MEATS.<\/p><h3>Personal Data<\/h3><p>The information collected through contact forms is intended for internal use only.<br \/>In accordance with the \u201cInformatique et Libert\u00e9s\u201d law and the GDPR, you have the right to access, rectify, or delete your data.<br \/>You can exercise this right by contacting us at the email address provided above.<\/p><h3>Cookies<\/h3><p>This site uses cookies for audience measurement and proper functionality. By continuing to browse, you consent to their use.<\/p>\t\t\t\t\t\t\t\t<\/div>\n\t\t\t\t<\/div>\n\t\t\t\t\t<\/div>\n\t\t<\/div>\n\t\t\t\t\t<\/div>\n\t\t<\/section>\n\t\t<div class=\"elementor-element elementor-element-31f85d8 e-flex e-con-boxed e-con e-parent\" data-id=\"31f85d8\" data-element_type=\"container\" data-settings=\"{&quot;background_background&quot;:&quot;classic&quot;}\">\n\t\t\t\t\t<div class=\"e-con-inner\">\n\t\t<div class=\"elementor-element elementor-element-af6d3a3 e-con-full e-flex e-con e-child\" data-id=\"af6d3a3\" data-element_type=\"container\">\n\t\t\t\t<div class=\"elementor-element elementor-element-a37a7e9 elementor-widget elementor-widget-image\" data-id=\"a37a7e9\" data-element_type=\"widget\" data-widget_type=\"image.default\">\n\t\t\t\t<div class=\"elementor-widget-container\">\n\t\t\t\t\t\t\t\t\t\t\t\t\t\t\t<img fetchpriority=\"high\" decoding=\"async\" width=\"300\" height=\"300\" src=\"https:\/\/franceoccitaniemeats.com\/wp-content\/uploads\/2025\/05\/image-300x300.jpeg\" class=\"attachment-medium size-medium wp-image-74\" alt=\"\" srcset=\"https:\/\/franceoccitaniemeats.com\/wp-content\/uploads\/2025\/05\/image-300x300.jpeg 300w, https:\/\/franceoccitaniemeats.com\/wp-content\/uploads\/2025\/05\/image-150x150.jpeg 150w, https:\/\/franceoccitaniemeats.com\/wp-content\/uploads\/2025\/05\/image-768x768.jpeg 768w, https:\/\/franceoccitaniemeats.com\/wp-content\/uploads\/2025\/05\/image.jpeg 1024w\" sizes=\"(max-width: 300px) 100vw, 300px\" \/>\t\t\t\t\t\t\t\t\t\t\t\t\t\t\t<\/div>\n\t\t\t\t<\/div>\n\t\t\t\t<\/div>\n\t\t<div class=\"elementor-element elementor-element-76d601d e-con-full e-flex e-con e-child\" data-id=\"76d601d\" data-element_type=\"container\">\n\t\t\t\t<div class=\"elementor-element elementor-element-62a4c92 elementor-widget elementor-widget-image\" data-id=\"62a4c92\" data-element_type=\"widget\" data-widget_type=\"image.default\">\n\t\t\t\t<div class=\"elementor-widget-container\">\n\t\t\t\t\t\t\t\t\t\t\t\t\t\t\t<img decoding=\"async\" width=\"300\" height=\"204\" src=\"https:\/\/franceoccitaniemeats.com\/wp-content\/uploads\/2025\/06\/PHOTO-2025-06-02-16-35-09-300x204.jpg\" class=\"attachment-medium size-medium wp-image-437\" alt=\"\" srcset=\"https:\/\/franceoccitaniemeats.com\/wp-content\/uploads\/2025\/06\/PHOTO-2025-06-02-16-35-09-300x204.jpg 300w, https:\/\/franceoccitaniemeats.com\/wp-content\/uploads\/2025\/06\/PHOTO-2025-06-02-16-35-09-1024x697.jpg 1024w, https:\/\/franceoccitaniemeats.com\/wp-content\/uploads\/2025\/06\/PHOTO-2025-06-02-16-35-09-768x523.jpg 768w, https:\/\/franceoccitaniemeats.com\/wp-content\/uploads\/2025\/06\/PHOTO-2025-06-02-16-35-09-1536x1045.jpg 1536w, https:\/\/franceoccitaniemeats.com\/wp-content\/uploads\/2025\/06\/PHOTO-2025-06-02-16-35-09-18x12.jpg 18w, https:\/\/franceoccitaniemeats.com\/wp-content\/uploads\/2025\/06\/PHOTO-2025-06-02-16-35-09.jpg 1600w\" sizes=\"(max-width: 300px) 100vw, 300px\" \/>\t\t\t\t\t\t\t\t\t\t\t\t\t\t\t<\/div>\n\t\t\t\t<\/div>\n\t\t\t\t<\/div>\n\t\t<div class=\"elementor-element elementor-element-cf9dea2 e-con-full e-flex e-con e-child\" data-id=\"cf9dea2\" data-element_type=\"container\">\n\t\t\t\t<div class=\"elementor-element elementor-element-85df225 elementor-widget elementor-widget-image\" data-id=\"85df225\" data-element_type=\"widget\" data-widget_type=\"image.default\">\n\t\t\t\t<div class=\"elementor-widget-container\">\n\t\t\t\t\t\t\t\t\t\t\t\t\t\t\t<img loading=\"lazy\" decoding=\"async\" width=\"300\" height=\"300\" src=\"https:\/\/franceoccitaniemeats.com\/wp-content\/uploads\/2025\/05\/image5-300x300.png\" class=\"attachment-medium size-medium wp-image-77\" alt=\"\" srcset=\"https:\/\/franceoccitaniemeats.com\/wp-content\/uploads\/2025\/05\/image5-300x300.png 300w, https:\/\/franceoccitaniemeats.com\/wp-content\/uploads\/2025\/05\/image5-150x150.png 150w, https:\/\/franceoccitaniemeats.com\/wp-content\/uploads\/2025\/05\/image5-768x768.png 768w, https:\/\/franceoccitaniemeats.com\/wp-content\/uploads\/2025\/05\/image5.png 1024w\" sizes=\"(max-width: 300px) 100vw, 300px\" \/>\t\t\t\t\t\t\t\t\t\t\t\t\t\t\t<\/div>\n\t\t\t\t<\/div>\n\t\t\t\t<\/div>\n\t\t\t\t\t<\/div>\n\t\t\t\t<\/div>\n\t\t\t\t<section class=\"elementor-section elementor-top-section elementor-element elementor-element-6e56fe5 elementor-section-boxed elementor-section-height-default elementor-section-height-default\" data-id=\"6e56fe5\" data-element_type=\"section\" data-settings=\"{&quot;background_background&quot;:&quot;classic&quot;}\">\n\t\t\t\t\t\t<div class=\"elementor-container elementor-column-gap-default\">\n\t\t\t\t\t<div class=\"elementor-column elementor-col-100 elementor-top-column elementor-element elementor-element-715a8abe\" data-id=\"715a8abe\" data-element_type=\"column\">\n\t\t\t<div class=\"elementor-widget-wrap elementor-element-populated\">\n\t\t\t\t\t\t<div class=\"elementor-element elementor-element-665923f3 elementor-widget elementor-widget-text-editor\" data-id=\"665923f3\" data-element_type=\"widget\" data-widget_type=\"text-editor.default\">\n\t\t\t\t<div class=\"elementor-widget-container\">\n\t\t\t\t\t\t\t\t\t<p><strong>FRANCE OCCITANIE MEATS<\/strong><br \/>Agri-Food Processing Laboratory<br \/>Canet d\u2019Aude, France<br \/>T\u00e9l. : 06 12 34 56 78<br \/>Email : contact@FranceOccitanieMeats.com<br \/>SIRET : 123 456 789 00012<\/p>\t\t\t\t\t\t\t\t<\/div>\n\t\t\t\t<\/div>\n\t\t\t\t\t<\/div>\n\t\t<\/div>\n\t\t\t\t<div class=\"elementor-column elementor-col-100 elementor-top-column elementor-element elementor-element-43812ab7\" data-id=\"43812ab7\" data-element_type=\"column\">\n\t\t\t<div class=\"elementor-widget-wrap elementor-element-populated\">\n\t\t\t\t\t\t<div class=\"elementor-element elementor-element-574b52e8 elementor-widget elementor-widget-text-editor\" data-id=\"574b52e8\" data-element_type=\"widget\" data-widget_type=\"text-editor.default\">\n\t\t\t\t<div class=\"elementor-widget-container\">\n\t\t\t\t\t\t\t\t\t\n<a href='\/en\/'>Home<\/a><br>\n<a href='\/en\/a-propos\/'>About Us<\/a><br>\n<a href='\/en\/nos-produits\/'>Our Products<\/a><br>\n<a href='\/en\/contact\/'>Contact Us<\/a><br>\n<a href='\/en\/mentions-legales\/'>Legal Notice<\/a>\n\t\t\t\t\t\t\t\t<\/div>\n\t\t\t\t<\/div>\n\t\t\t\t\t<\/div>\n\t\t<\/div>\n\t\t\t\t<div class=\"elementor-column elementor-col-100 elementor-top-column elementor-element elementor-element-1d629120\" data-id=\"1d629120\" data-element_type=\"column\">\n\t\t\t<div class=\"elementor-widget-wrap elementor-element-populated\">\n\t\t\t\t\t\t<div class=\"elementor-element elementor-element-512b2edd elementor-widget elementor-widget-text-editor\" data-id=\"512b2edd\" data-element_type=\"widget\" data-widget_type=\"text-editor.default\">\n\t\t\t\t<div class=\"elementor-widget-container\">\n\t\t\t\t\t\t\t\t\t<a href='https:\/\/linkedin.com' target='_blank'>LinkedIn<\/a><br>\n<a href='https:\/\/instagram.com' target='_blank'>Instagram<\/a><br><br>\n\u00a9 2025 FRANCE OCCITANIE MEATS<br>Tous droits r\u00e9serv\u00e9s\t\t\t\t\t\t\t\t<\/div>\n\t\t\t\t<\/div>\n\t\t\t\t\t<\/div>\n\t\t<\/div>\n\t\t\t\t\t<\/div>\n\t\t<\/section>\n\t\t\t\t<\/div>","protected":false},"excerpt":{"rendered":"<p>\u00c0 propos Nos produits Contact Mentions l\u00e9gales Mentions l\u00e9gales Raison sociale : FRANCE OCCITANIE MEATS Statut juridique : SARL Si\u00e8ge [&hellip;]<\/p>","protected":false},"author":1,"featured_media":0,"parent":0,"menu_order":0,"comment_status":"closed","ping_status":"closed","template":"","meta":{"site-sidebar-layout":"no-sidebar","site-content-layout":"","ast-site-content-layout":"full-width-container","site-content-style":"default","site-sidebar-style":"default","ast-global-header-display":"","ast-banner-title-visibility":"","ast-main-header-display":"","ast-hfb-above-header-display":"","ast-hfb-below-header-display":"","ast-hfb-mobile-header-display":"","site-post-title":"disabled","ast-breadcrumbs-content":"","ast-featured-img":"disabled","footer-sml-layout":"","theme-transparent-header-meta":"","adv-header-id-meta":"","stick-header-meta":"","header-above-stick-meta":"","header-main-stick-meta":"","header-below-stick-meta":"","astra-migrate-meta-layouts":"default","ast-page-background-enabled":"default","ast-page-background-meta":{"desktop":{"background-color":"var(--ast-global-color-5)","background-image":"","background-repeat":"repeat","background-position":"center center","background-size":"auto","background-attachment":"scroll","background-type":"","background-media":"","overlay-type":"","overlay-color":"","overlay-opacity":"","overlay-gradient":""},"tablet":{"background-color":"","background-image":"","background-repeat":"repeat","background-position":"center center","background-size":"auto","background-attachment":"scroll","background-type":"","background-media":"","overlay-type":"","overlay-color":"","overlay-opacity":"","overlay-gradient":""},"mobile":{"background-color":"","background-image":"","background-repeat":"repeat","background-position":"center center","background-size":"auto","background-attachment":"scroll","background-type":"","background-media":"","overlay-type":"","overlay-color":"","overlay-opacity":"","overlay-gradient":""}},"ast-content-background-meta":{"desktop":{"background-color":"var(--ast-global-color-4)","background-image":"","background-repeat":"repeat","background-position":"center center","background-size":"auto","background-attachment":"scroll","background-type":"","background-media":"","overlay-type":"","overlay-color":"","overlay-opacity":"","overlay-gradient":""},"tablet":{"background-color":"var(--ast-global-color-4)","background-image":"","background-repeat":"repeat","background-position":"center center","background-size":"auto","background-attachment":"scroll","background-type":"","background-media":"","overlay-type":"","overlay-color":"","overlay-opacity":"","overlay-gradient":""},"mobile":{"background-color":"var(--ast-global-color-4)","background-image":"","background-repeat":"repeat","background-position":"center center","background-size":"auto","background-attachment":"scroll","background-type":"","background-media":"","overlay-type":"","overlay-color":"","overlay-opacity":"","overlay-gradient":""}},"footnotes":""},"class_list":["post-98","page","type-page","status-publish","hentry"],"_links":{"self":[{"href":"https:\/\/franceoccitaniemeats.com\/en\/wp-json\/wp\/v2\/pages\/98","targetHints":{"allow":["GET"]}}],"collection":[{"href":"https:\/\/franceoccitaniemeats.com\/en\/wp-json\/wp\/v2\/pages"}],"about":[{"href":"https:\/\/franceoccitaniemeats.com\/en\/wp-json\/wp\/v2\/types\/page"}],"author":[{"embeddable":true,"href":"https:\/\/franceoccitaniemeats.com\/en\/wp-json\/wp\/v2\/users\/1"}],"replies":[{"embeddable":true,"href":"https:\/\/franceoccitaniemeats.com\/en\/wp-json\/wp\/v2\/comments?post=98"}],"version-history":[{"count":37,"href":"https:\/\/franceoccitaniemeats.com\/en\/wp-json\/wp\/v2\/pages\/98\/revisions"}],"predecessor-version":[{"id":449,"href":"https:\/\/franceoccitaniemeats.com\/en\/wp-json\/wp\/v2\/pages\/98\/revisions\/449"}],"wp:attachment":[{"href":"https:\/\/franceoccitaniemeats.com\/en\/wp-json\/wp\/v2\/media?parent=98"}],"curies":[{"name":"wp","href":"https:\/\/api.w.org\/{rel}","templated":true}]}}