{"id":12,"date":"2025-05-24T16:31:04","date_gmt":"2025-05-24T16:31:04","guid":{"rendered":"https:\/\/azure-toad-797365.hostingersite.com\/?page_id=12"},"modified":"2025-06-02T19:41:53","modified_gmt":"2025-06-02T19:41:53","slug":"a-propos","status":"publish","type":"page","link":"https:\/\/franceoccitaniemeats.com\/en\/a-propos\/","title":{"rendered":"About Us"},"content":{"rendered":"<div data-elementor-type=\"wp-page\" data-elementor-id=\"12\" class=\"elementor elementor-12\">\n\t\t\t\t\t\t<section class=\"elementor-section elementor-top-section elementor-element elementor-element-17921aa0 elementor-section-boxed elementor-section-height-default elementor-section-height-default\" data-id=\"17921aa0\" data-element_type=\"section\" data-settings=\"{&quot;background_background&quot;:&quot;classic&quot;}\">\n\t\t\t\t\t\t<div class=\"elementor-container elementor-column-gap-default\">\n\t\t\t\t\t<div class=\"elementor-column elementor-col-100 elementor-top-column elementor-element elementor-element-45847ddd\" data-id=\"45847ddd\" data-element_type=\"column\">\n\t\t\t<div class=\"elementor-widget-wrap elementor-element-populated\">\n\t\t\t\t\t\t<div class=\"elementor-element elementor-element-358f01f2 elementor-widget elementor-widget-image\" data-id=\"358f01f2\" data-element_type=\"widget\" data-widget_type=\"image.default\">\n\t\t\t\t<div class=\"elementor-widget-container\">\n\t\t\t\t\t\t\t\t\t\t\t\t\t\t\t\t<a href=\"https:\/\/franceoccitaniemeats.com\/en\/\">\n\t\t\t\t\t\t\t<img fetchpriority=\"high\" decoding=\"async\" width=\"300\" height=\"176\" src=\"https:\/\/franceoccitaniemeats.com\/wp-content\/uploads\/2025\/06\/5f56e594-ed86-46d9-a58a-89571acc498e-300x176.jpg\" class=\"attachment-medium size-medium wp-image-453\" alt=\"\" srcset=\"https:\/\/franceoccitaniemeats.com\/wp-content\/uploads\/2025\/06\/5f56e594-ed86-46d9-a58a-89571acc498e-300x176.jpg 300w, https:\/\/franceoccitaniemeats.com\/wp-content\/uploads\/2025\/06\/5f56e594-ed86-46d9-a58a-89571acc498e-1024x602.jpg 1024w, https:\/\/franceoccitaniemeats.com\/wp-content\/uploads\/2025\/06\/5f56e594-ed86-46d9-a58a-89571acc498e-768x451.jpg 768w, https:\/\/franceoccitaniemeats.com\/wp-content\/uploads\/2025\/06\/5f56e594-ed86-46d9-a58a-89571acc498e-18x12.jpg 18w, https:\/\/franceoccitaniemeats.com\/wp-content\/uploads\/2025\/06\/5f56e594-ed86-46d9-a58a-89571acc498e.jpg 1280w\" sizes=\"(max-width: 300px) 100vw, 300px\" \/>\t\t\t\t\t\t\t\t<\/a>\n\t\t\t\t\t\t\t\t\t\t\t\t\t\t\t<\/div>\n\t\t\t\t<\/div>\n\t\t\t\t\t<\/div>\n\t\t<\/div>\n\t\t\t\t<div class=\"elementor-column elementor-col-100 elementor-top-column elementor-element elementor-element-9a4a4ca\" data-id=\"9a4a4ca\" data-element_type=\"column\">\n\t\t\t<div class=\"elementor-widget-wrap elementor-element-populated\">\n\t\t\t\t\t\t<div class=\"elementor-element elementor-element-1f68351f elementor-widget elementor-widget-text-editor\" data-id=\"1f68351f\" data-element_type=\"widget\" data-widget_type=\"text-editor.default\">\n\t\t\t\t<div class=\"elementor-widget-container\">\n\t\t\t\t\t\t\t\t\t<div style=\"text-align: right; font-family: Montserrat, sans-serif; font-size: 16px;\">\n  <a href=\"\/en\/a-propos\/\" style=\"margin-right: 15px; text-decoration: none; color: #3E3E3E;\">About Us<\/a>\n  <a href=\"\/en\/nos-produits\/\" style=\"margin-right: 15px; text-decoration: none; color: #3E3E3E;\">Our Products<\/a>\n  <a href=\"\/en\/contact\/\" style=\"margin-right: 15px; text-decoration: none; color: #3E3E3E;\">Contact Us<\/a>\n  <a href=\"\/en\/mentions-legales\/\" style=\"text-decoration: none; color: #3E3E3E;\">Legal Notice<\/a>\n<\/div>\n\t\t\t\t\t\t\t\t<\/div>\n\t\t\t\t<\/div>\n\t\t\t\t\t<\/div>\n\t\t<\/div>\n\t\t\t\t\t<\/div>\n\t\t<\/section>\n\t\t\t\t<section class=\"elementor-section elementor-top-section elementor-element elementor-element-731f97f2 elementor-section-boxed elementor-section-height-default elementor-section-height-default\" data-id=\"731f97f2\" data-element_type=\"section\" data-settings=\"{&quot;background_background&quot;:&quot;classic&quot;}\">\n\t\t\t\t\t\t<div class=\"elementor-container elementor-column-gap-default\">\n\t\t\t\t\t<div class=\"elementor-column elementor-col-100 elementor-top-column elementor-element elementor-element-3df01d22\" data-id=\"3df01d22\" data-element_type=\"column\">\n\t\t\t<div class=\"elementor-widget-wrap elementor-element-populated\">\n\t\t\t\t\t\t<div class=\"elementor-element elementor-element-7bc710f4 elementor-widget elementor-widget-heading\" data-id=\"7bc710f4\" data-element_type=\"widget\" data-widget_type=\"heading.default\">\n\t\t\t\t<div class=\"elementor-widget-container\">\n\t\t\t\t\t<h2 class=\"elementor-heading-title elementor-size-default\">Who We Are<\/h2>\t\t\t\t<\/div>\n\t\t\t\t<\/div>\n\t\t\t\t<div class=\"elementor-element elementor-element-76612cda elementor-widget elementor-widget-text-editor\" data-id=\"76612cda\" data-element_type=\"widget\" data-widget_type=\"text-editor.default\">\n\t\t\t\t<div class=\"elementor-widget-container\">\n\t\t\t\t\t\t\t\t\t<p><br \/>FRANCE OCCITANIE MEATS is an artisanal company specializing in <strong>halal charcuterie<\/strong>world <strong>and regional cuisine<\/strong> catering services, and <strong>artisanal canning.<\/strong>.<\/p><p>Founded by culinary enthusiasts dedicated to traditional craftsmanship, our company was born from the desire to combine <strong>authenticity, quality, and adherence to halal standards.<\/strong>.<\/p><p>Our Facility is located in Canet d\u2019Aude, in the Occitanie region, at the heart of a terroir rich in flavor.<\/p>\t\t\t\t\t\t\t\t<\/div>\n\t\t\t\t<\/div>\n\t\t\t\t\t<\/div>\n\t\t<\/div>\n\t\t\t\t\t<\/div>\n\t\t<\/section>\n\t\t\t\t<section class=\"elementor-section elementor-top-section elementor-element elementor-element-223d77bb elementor-section-boxed elementor-section-height-default elementor-section-height-default\" data-id=\"223d77bb\" data-element_type=\"section\" data-settings=\"{&quot;background_background&quot;:&quot;classic&quot;}\">\n\t\t\t\t\t\t<div class=\"elementor-container elementor-column-gap-default\">\n\t\t\t\t\t<div class=\"elementor-column elementor-col-100 elementor-top-column elementor-element elementor-element-6c8979dc\" data-id=\"6c8979dc\" data-element_type=\"column\">\n\t\t\t<div class=\"elementor-widget-wrap elementor-element-populated\">\n\t\t\t\t\t\t<div class=\"elementor-element elementor-element-b9cdaec elementor-widget elementor-widget-heading\" data-id=\"b9cdaec\" data-element_type=\"widget\" data-widget_type=\"heading.default\">\n\t\t\t\t<div class=\"elementor-widget-container\">\n\t\t\t\t\t<h2 class=\"elementor-heading-title elementor-size-default\">Our Mission<\/h2>\t\t\t\t<\/div>\n\t\t\t\t<\/div>\n\t\t\t\t<div class=\"elementor-element elementor-element-11be4e35 elementor-widget elementor-widget-text-editor\" data-id=\"11be4e35\" data-element_type=\"widget\" data-widget_type=\"text-editor.default\">\n\t\t\t\t<div class=\"elementor-widget-container\">\n\t\t\t\t\t\t\t\t\t<p><br \/>To offer <strong>authentic<\/strong>, <strong>accessible<\/strong> and <strong>dependable products<\/strong>without compromising on <strong>taste<\/strong>, <strong>ethics<\/strong> and <strong>or food safety.<\/strong>.<br \/><br \/>We are committed to ensuring:<br \/>Artisanal recipes that stay true to tradition<br \/>Strict halal certification<br \/>Complete transparency about our ingredients and processes<\/p>\t\t\t\t\t\t\t\t<\/div>\n\t\t\t\t<\/div>\n\t\t\t\t\t<\/div>\n\t\t<\/div>\n\t\t\t\t\t<\/div>\n\t\t<\/section>\n\t\t\t\t<section class=\"elementor-section elementor-top-section elementor-element elementor-element-5361bc61 elementor-section-boxed elementor-section-height-default elementor-section-height-default\" data-id=\"5361bc61\" data-element_type=\"section\" data-settings=\"{&quot;background_background&quot;:&quot;classic&quot;}\">\n\t\t\t\t\t\t<div class=\"elementor-container elementor-column-gap-default\">\n\t\t\t\t\t<div class=\"elementor-column elementor-col-100 elementor-top-column elementor-element elementor-element-61f8491a\" data-id=\"61f8491a\" data-element_type=\"column\">\n\t\t\t<div class=\"elementor-widget-wrap elementor-element-populated\">\n\t\t\t\t\t\t<div class=\"elementor-element elementor-element-3aaf99cb elementor-widget elementor-widget-heading\" data-id=\"3aaf99cb\" data-element_type=\"widget\" data-widget_type=\"heading.default\">\n\t\t\t\t<div class=\"elementor-widget-container\">\n\t\t\t\t\t<h2 class=\"elementor-heading-title elementor-size-default\">Our Values<\/h2>\t\t\t\t<\/div>\n\t\t\t\t<\/div>\n\t\t\t\t<div class=\"elementor-element elementor-element-d69a62a elementor-widget elementor-widget-text-editor\" data-id=\"d69a62a\" data-element_type=\"widget\" data-widget_type=\"text-editor.default\">\n\t\t\t\t<div class=\"elementor-widget-container\">\n\t\t\t\t\t\t\t\t\t\n<ul>\n<li><strong>Respect for Traditions<\/strong><\/li>\n<li><strong>Transparency and Ethics<\/strong><\/li>\n<li><strong>Artisanal Excellence<\/strong><\/li>\n<li><strong>Culinary Innovation<\/strong><\/li>\n<li><strong>Local Commitment<\/strong><\/li>\n<\/ul>\n\t\t\t\t\t\t\t\t<\/div>\n\t\t\t\t<\/div>\n\t\t\t\t\t<\/div>\n\t\t<\/div>\n\t\t\t\t\t<\/div>\n\t\t<\/section>\n\t\t\t\t<section class=\"elementor-section elementor-top-section elementor-element elementor-element-67ad6721 elementor-section-boxed elementor-section-height-default elementor-section-height-default\" data-id=\"67ad6721\" data-element_type=\"section\" data-settings=\"{&quot;background_background&quot;:&quot;classic&quot;}\">\n\t\t\t\t\t\t<div class=\"elementor-container elementor-column-gap-default\">\n\t\t\t\t\t<div class=\"elementor-column elementor-col-100 elementor-top-column elementor-element elementor-element-51dffbc2\" data-id=\"51dffbc2\" data-element_type=\"column\">\n\t\t\t<div class=\"elementor-widget-wrap elementor-element-populated\">\n\t\t\t\t\t\t<div class=\"elementor-element elementor-element-6d286b5c elementor-widget elementor-widget-heading\" data-id=\"6d286b5c\" data-element_type=\"widget\" data-widget_type=\"heading.default\">\n\t\t\t\t<div class=\"elementor-widget-container\">\n\t\t\t\t\t<h2 class=\"elementor-heading-title elementor-size-default\">A Human Trip<\/h2>\t\t\t\t<\/div>\n\t\t\t\t<\/div>\n\t\t\t\t<div class=\"elementor-element elementor-element-408debcc elementor-widget elementor-widget-text-editor\" data-id=\"408debcc\" data-element_type=\"widget\" data-widget_type=\"text-editor.default\">\n\t\t\t\t<div class=\"elementor-widget-container\">\n\t\t\t\t\t\t\t\t\t\nThis project was born from a shared passion for authentic cuisine, genuine flavor, and respect for our customers.<br><br>\nToday, we are proud to introduce our products to an ever-growing customer base.\n\t\t\t\t\t\t\t\t<\/div>\n\t\t\t\t<\/div>\n\t\t\t\t\t<\/div>\n\t\t<\/div>\n\t\t\t\t\t<\/div>\n\t\t<\/section>\n\t\t<div class=\"elementor-element elementor-element-4c8ae86 e-flex e-con-boxed e-con e-parent\" data-id=\"4c8ae86\" data-element_type=\"container\" data-settings=\"{&quot;background_background&quot;:&quot;classic&quot;}\">\n\t\t\t\t\t<div class=\"e-con-inner\">\n\t\t<div class=\"elementor-element elementor-element-8156ea5 e-con-full e-flex e-con e-child\" data-id=\"8156ea5\" data-element_type=\"container\">\n\t\t\t\t<div class=\"elementor-element elementor-element-fbc9072 elementor-widget elementor-widget-image\" data-id=\"fbc9072\" data-element_type=\"widget\" data-widget_type=\"image.default\">\n\t\t\t\t<div class=\"elementor-widget-container\">\n\t\t\t\t\t\t\t\t\t\t\t\t\t\t\t<img decoding=\"async\" width=\"300\" height=\"300\" src=\"https:\/\/franceoccitaniemeats.com\/wp-content\/uploads\/2025\/05\/image-300x300.jpeg\" class=\"attachment-medium size-medium wp-image-74\" alt=\"\" srcset=\"https:\/\/franceoccitaniemeats.com\/wp-content\/uploads\/2025\/05\/image-300x300.jpeg 300w, https:\/\/franceoccitaniemeats.com\/wp-content\/uploads\/2025\/05\/image-150x150.jpeg 150w, https:\/\/franceoccitaniemeats.com\/wp-content\/uploads\/2025\/05\/image-768x768.jpeg 768w, https:\/\/franceoccitaniemeats.com\/wp-content\/uploads\/2025\/05\/image.jpeg 1024w\" sizes=\"(max-width: 300px) 100vw, 300px\" \/>\t\t\t\t\t\t\t\t\t\t\t\t\t\t\t<\/div>\n\t\t\t\t<\/div>\n\t\t\t\t<\/div>\n\t\t<div class=\"elementor-element elementor-element-4bfe210 e-con-full e-flex e-con e-child\" data-id=\"4bfe210\" data-element_type=\"container\">\n\t\t\t\t<div class=\"elementor-element elementor-element-f5fb73f elementor-widget elementor-widget-image\" data-id=\"f5fb73f\" data-element_type=\"widget\" data-widget_type=\"image.default\">\n\t\t\t\t<div class=\"elementor-widget-container\">\n\t\t\t\t\t\t\t\t\t\t\t\t\t\t\t<img decoding=\"async\" width=\"300\" height=\"204\" src=\"https:\/\/franceoccitaniemeats.com\/wp-content\/uploads\/2025\/06\/PHOTO-2025-06-02-16-35-09-300x204.jpg\" class=\"attachment-medium size-medium wp-image-437\" alt=\"\" srcset=\"https:\/\/franceoccitaniemeats.com\/wp-content\/uploads\/2025\/06\/PHOTO-2025-06-02-16-35-09-300x204.jpg 300w, https:\/\/franceoccitaniemeats.com\/wp-content\/uploads\/2025\/06\/PHOTO-2025-06-02-16-35-09-1024x697.jpg 1024w, https:\/\/franceoccitaniemeats.com\/wp-content\/uploads\/2025\/06\/PHOTO-2025-06-02-16-35-09-768x523.jpg 768w, https:\/\/franceoccitaniemeats.com\/wp-content\/uploads\/2025\/06\/PHOTO-2025-06-02-16-35-09-1536x1045.jpg 1536w, https:\/\/franceoccitaniemeats.com\/wp-content\/uploads\/2025\/06\/PHOTO-2025-06-02-16-35-09-18x12.jpg 18w, https:\/\/franceoccitaniemeats.com\/wp-content\/uploads\/2025\/06\/PHOTO-2025-06-02-16-35-09.jpg 1600w\" sizes=\"(max-width: 300px) 100vw, 300px\" \/>\t\t\t\t\t\t\t\t\t\t\t\t\t\t\t<\/div>\n\t\t\t\t<\/div>\n\t\t\t\t<\/div>\n\t\t<div class=\"elementor-element elementor-element-a9c33ec e-con-full e-flex e-con e-child\" data-id=\"a9c33ec\" data-element_type=\"container\">\n\t\t\t\t<div class=\"elementor-element elementor-element-5f5656b elementor-widget elementor-widget-image\" data-id=\"5f5656b\" data-element_type=\"widget\" data-widget_type=\"image.default\">\n\t\t\t\t<div class=\"elementor-widget-container\">\n\t\t\t\t\t\t\t\t\t\t\t\t\t\t\t<img loading=\"lazy\" decoding=\"async\" width=\"300\" height=\"300\" src=\"https:\/\/franceoccitaniemeats.com\/wp-content\/uploads\/2025\/05\/image5-300x300.png\" class=\"attachment-medium size-medium wp-image-77\" alt=\"\" srcset=\"https:\/\/franceoccitaniemeats.com\/wp-content\/uploads\/2025\/05\/image5-300x300.png 300w, https:\/\/franceoccitaniemeats.com\/wp-content\/uploads\/2025\/05\/image5-150x150.png 150w, https:\/\/franceoccitaniemeats.com\/wp-content\/uploads\/2025\/05\/image5-768x768.png 768w, https:\/\/franceoccitaniemeats.com\/wp-content\/uploads\/2025\/05\/image5.png 1024w\" sizes=\"(max-width: 300px) 100vw, 300px\" \/>\t\t\t\t\t\t\t\t\t\t\t\t\t\t\t<\/div>\n\t\t\t\t<\/div>\n\t\t\t\t<\/div>\n\t\t\t\t\t<\/div>\n\t\t\t\t<\/div>\n\t\t\t\t<section class=\"elementor-section elementor-top-section elementor-element elementor-element-70cc6966 elementor-section-boxed elementor-section-height-default elementor-section-height-default\" data-id=\"70cc6966\" data-element_type=\"section\" data-settings=\"{&quot;background_background&quot;:&quot;classic&quot;}\">\n\t\t\t\t\t\t<div class=\"elementor-container elementor-column-gap-default\">\n\t\t\t\t\t<div class=\"elementor-column elementor-col-100 elementor-top-column elementor-element elementor-element-625d4ce4\" data-id=\"625d4ce4\" data-element_type=\"column\">\n\t\t\t<div class=\"elementor-widget-wrap elementor-element-populated\">\n\t\t\t\t\t\t<div class=\"elementor-element elementor-element-6718126 elementor-widget elementor-widget-text-editor\" data-id=\"6718126\" data-element_type=\"widget\" data-widget_type=\"text-editor.default\">\n\t\t\t\t<div class=\"elementor-widget-container\">\n\t\t\t\t\t\t\t\t\t<p><strong>FRANCE OCCITANIE MEATS<\/strong><br \/>Agri-Food Processing Laboratory<br \/>Canet d\u2019Aude, France<br \/>T\u00e9l. : 07.89.28.59.01<br \/>Email : contact@FranceOccitanieMeats.com<br \/>SIRET : 921 264 545 00028<\/p>\t\t\t\t\t\t\t\t<\/div>\n\t\t\t\t<\/div>\n\t\t\t\t\t<\/div>\n\t\t<\/div>\n\t\t\t\t<div class=\"elementor-column elementor-col-100 elementor-top-column elementor-element elementor-element-4fe187f3\" data-id=\"4fe187f3\" data-element_type=\"column\">\n\t\t\t<div class=\"elementor-widget-wrap elementor-element-populated\">\n\t\t\t\t\t\t<div class=\"elementor-element elementor-element-43f7cb50 elementor-widget elementor-widget-text-editor\" data-id=\"43f7cb50\" data-element_type=\"widget\" data-widget_type=\"text-editor.default\">\n\t\t\t\t<div class=\"elementor-widget-container\">\n\t\t\t\t\t\t\t\t\t<p><br \/><a href=\"\/en\/\">Home<\/a><br \/><a href=\"\/en\/a-propos\/\">About Us<\/a><br \/><a href=\"\/en\/nos-produits\/\">Our Products<\/a><br \/><a href=\"\/en\/contact\/\">Contact Us<\/a><br \/><a href=\"\/en\/mentions-legales\/\">Legal Notice<\/a><\/p>\t\t\t\t\t\t\t\t<\/div>\n\t\t\t\t<\/div>\n\t\t\t\t\t<\/div>\n\t\t<\/div>\n\t\t\t\t<div class=\"elementor-column elementor-col-100 elementor-top-column elementor-element elementor-element-596d4c17\" data-id=\"596d4c17\" data-element_type=\"column\">\n\t\t\t<div class=\"elementor-widget-wrap elementor-element-populated\">\n\t\t\t\t\t\t<div class=\"elementor-element elementor-element-631cbb3f elementor-widget elementor-widget-text-editor\" data-id=\"631cbb3f\" data-element_type=\"widget\" data-widget_type=\"text-editor.default\">\n\t\t\t\t<div class=\"elementor-widget-container\">\n\t\t\t\t\t\t\t\t\t<a href='https:\/\/linkedin.com' target='_blank'>LinkedIn<\/a><br>\n<a href='https:\/\/instagram.com' target='_blank'>Instagram<\/a><br><br>\n\u00a9 2025 FRANCE OCCITANIE MEATS<br>Tous droits r\u00e9serv\u00e9s\t\t\t\t\t\t\t\t<\/div>\n\t\t\t\t<\/div>\n\t\t\t\t\t<\/div>\n\t\t<\/div>\n\t\t\t\t\t<\/div>\n\t\t<\/section>\n\t\t\t\t<\/div>","protected":false},"excerpt":{"rendered":"<p>\u00c0 propos Nos produits Contact Mentions l\u00e9gales Qui sommes-nous ? FRANCE OCCITANIE MEATS est une entreprise artisanale sp\u00e9cialis\u00e9e dans la [&hellip;]<\/p>","protected":false},"author":1,"featured_media":0,"parent":0,"menu_order":0,"comment_status":"closed","ping_status":"closed","template":"","meta":{"site-sidebar-layout":"no-sidebar","site-content-layout":"","ast-site-content-layout":"full-width-container","site-content-style":"default","site-sidebar-style":"default","ast-global-header-display":"","ast-banner-title-visibility":"","ast-main-header-display":"","ast-hfb-above-header-display":"","ast-hfb-below-header-display":"","ast-hfb-mobile-header-display":"","site-post-title":"disabled","ast-breadcrumbs-content":"","ast-featured-img":"disabled","footer-sml-layout":"","theme-transparent-header-meta":"","adv-header-id-meta":"","stick-header-meta":"","header-above-stick-meta":"","header-main-stick-meta":"","header-below-stick-meta":"","astra-migrate-meta-layouts":"default","ast-page-background-enabled":"default","ast-page-background-meta":{"desktop":{"background-color":"var(--ast-global-color-5)","background-image":"","background-repeat":"repeat","background-position":"center center","background-size":"auto","background-attachment":"scroll","background-type":"","background-media":"","overlay-type":"","overlay-color":"","overlay-opacity":"","overlay-gradient":""},"tablet":{"background-color":"","background-image":"","background-repeat":"repeat","background-position":"center center","background-size":"auto","background-attachment":"scroll","background-type":"","background-media":"","overlay-type":"","overlay-color":"","overlay-opacity":"","overlay-gradient":""},"mobile":{"background-color":"","background-image":"","background-repeat":"repeat","background-position":"center center","background-size":"auto","background-attachment":"scroll","background-type":"","background-media":"","overlay-type":"","overlay-color":"","overlay-opacity":"","overlay-gradient":""}},"ast-content-background-meta":{"desktop":{"background-color":"var(--ast-global-color-4)","background-image":"","background-repeat":"repeat","background-position":"center center","background-size":"auto","background-attachment":"scroll","background-type":"","background-media":"","overlay-type":"","overlay-color":"","overlay-opacity":"","overlay-gradient":""},"tablet":{"background-color":"var(--ast-global-color-4)","background-image":"","background-repeat":"repeat","background-position":"center center","background-size":"auto","background-attachment":"scroll","background-type":"","background-media":"","overlay-type":"","overlay-color":"","overlay-opacity":"","overlay-gradient":""},"mobile":{"background-color":"var(--ast-global-color-4)","background-image":"","background-repeat":"repeat","background-position":"center center","background-size":"auto","background-attachment":"scroll","background-type":"","background-media":"","overlay-type":"","overlay-color":"","overlay-opacity":"","overlay-gradient":""}},"footnotes":""},"class_list":["post-12","page","type-page","status-publish","hentry"],"_links":{"self":[{"href":"https:\/\/franceoccitaniemeats.com\/en\/wp-json\/wp\/v2\/pages\/12","targetHints":{"allow":["GET"]}}],"collection":[{"href":"https:\/\/franceoccitaniemeats.com\/en\/wp-json\/wp\/v2\/pages"}],"about":[{"href":"https:\/\/franceoccitaniemeats.com\/en\/wp-json\/wp\/v2\/types\/page"}],"author":[{"embeddable":true,"href":"https:\/\/franceoccitaniemeats.com\/en\/wp-json\/wp\/v2\/users\/1"}],"replies":[{"embeddable":true,"href":"https:\/\/franceoccitaniemeats.com\/en\/wp-json\/wp\/v2\/comments?post=12"}],"version-history":[{"count":46,"href":"https:\/\/franceoccitaniemeats.com\/en\/wp-json\/wp\/v2\/pages\/12\/revisions"}],"predecessor-version":[{"id":459,"href":"https:\/\/franceoccitaniemeats.com\/en\/wp-json\/wp\/v2\/pages\/12\/revisions\/459"}],"wp:attachment":[{"href":"https:\/\/franceoccitaniemeats.com\/en\/wp-json\/wp\/v2\/media?parent=12"}],"curies":[{"name":"wp","href":"https:\/\/api.w.org\/{rel}","templated":true}]}}